{"id":9,"date":"2017-11-05T01:43:50","date_gmt":"2017-11-05T01:43:50","guid":{"rendered":"http:\/\/medienpost.de\/?page_id=9"},"modified":"2021-04-21T22:36:43","modified_gmt":"2021-04-21T22:36:43","slug":"willkommen-bei-medienpost","status":"publish","type":"page","link":"https:\/\/medienpost.de\/","title":{"rendered":"Willkommen bei MedienPost"},"content":{"rendered":"<p><strong><em>Herzlich willkommen bei MedienPost!<\/em><\/strong><\/p>\n<p><img loading=\"lazy\" class=\"wp-image-6 alignnone\" src=\"http:\/\/medienpost.de\/wp-content\/uploads\/2017\/11\/cropped-IMG_8869-Q-a-300x300.jpg\" alt=\"\" width=\"353\" height=\"353\" srcset=\"https:\/\/medienpost.de\/wp-content\/uploads\/2017\/11\/cropped-IMG_8869-Q-a-300x300.jpg 300w, https:\/\/medienpost.de\/wp-content\/uploads\/2017\/11\/cropped-IMG_8869-Q-a-150x150.jpg 150w, https:\/\/medienpost.de\/wp-content\/uploads\/2017\/11\/cropped-IMG_8869-Q-a-270x270.jpg 270w, https:\/\/medienpost.de\/wp-content\/uploads\/2017\/11\/cropped-IMG_8869-Q-a-192x192.jpg 192w, https:\/\/medienpost.de\/wp-content\/uploads\/2017\/11\/cropped-IMG_8869-Q-a-180x180.jpg 180w, https:\/\/medienpost.de\/wp-content\/uploads\/2017\/11\/cropped-IMG_8869-Q-a-32x32.jpg 32w, https:\/\/medienpost.de\/wp-content\/uploads\/2017\/11\/cropped-IMG_8869-Q-a.jpg 512w\" sizes=\"(max-width: 353px) 100vw, 353px\" \/><\/p>\n<p><strong>Journalismus &#8211; Analysen &#8211; Konzept &#8211; PR.<\/strong><\/p>\n<p>Bis meine Seite wieder aktualisiert ist, empfehle ich <a href=\"https:\/\/www.xing.com\/profile\/Daniel_Postulka\">mein xing-Profil<\/a>\u00a0oder <a href=\"https:\/\/www.linkedin.com\/in\/daniel-postulka-43388253\/?originalSubdomain=de\">mein LinkedIn-Profil<\/a>.<\/p>\n<p>F\u00fcr gesch\u00e4ftliche Anfragen freue mich \u00fcber Ihre Kontaktaufnahme unter.<\/p>\n<p>+49 177 74 77 501<br \/>+49 30 25 55 90 30<br \/>daniel.postulka(at)medienpost.de<\/p>\n<p>Beste Gr\u00fc\u00dfe<\/p>\n<p>Daniel Postulka<\/p>\n\n\n<p><\/p>\n","protected":false},"excerpt":{"rendered":"<p>Herzlich willkommen bei MedienPost! Journalismus &#8211; Analysen &#8211; Konzept &#8211; PR. Bis meine Seite wieder aktualisiert ist, empfehle ich mein xing-Profil\u00a0oder mein LinkedIn-Profil. F\u00fcr gesch\u00e4ftliche Anfragen freue mich \u00fcber Ihre Kontaktaufnahme unter. +49 177 74 77 501+49 30 25 55 90 30daniel.postulka(at)medienpost.de Beste Gr\u00fc\u00dfe Daniel Postulka<\/p>\n","protected":false},"author":1,"featured_media":0,"parent":0,"menu_order":0,"comment_status":"closed","ping_status":"closed","template":"","meta":[],"_links":{"self":[{"href":"https:\/\/medienpost.de\/index.php?rest_route=\/wp\/v2\/pages\/9"}],"collection":[{"href":"https:\/\/medienpost.de\/index.php?rest_route=\/wp\/v2\/pages"}],"about":[{"href":"https:\/\/medienpost.de\/index.php?rest_route=\/wp\/v2\/types\/page"}],"author":[{"embeddable":true,"href":"https:\/\/medienpost.de\/index.php?rest_route=\/wp\/v2\/users\/1"}],"replies":[{"embeddable":true,"href":"https:\/\/medienpost.de\/index.php?rest_route=%2Fwp%2Fv2%2Fcomments&post=9"}],"version-history":[{"count":11,"href":"https:\/\/medienpost.de\/index.php?rest_route=\/wp\/v2\/pages\/9\/revisions"}],"predecessor-version":[{"id":43,"href":"https:\/\/medienpost.de\/index.php?rest_route=\/wp\/v2\/pages\/9\/revisions\/43"}],"wp:attachment":[{"href":"https:\/\/medienpost.de\/index.php?rest_route=%2Fwp%2Fv2%2Fmedia&parent=9"}],"curies":[{"name":"wp","href":"https:\/\/api.w.org\/{rel}","templated":true}]}}